{"id":9,"date":"2013-12-05T17:23:02","date_gmt":"2013-12-05T17:23:02","guid":{"rendered":"http:\/\/nemaconectores.com.br\/home\/?page_id=9"},"modified":"2021-09-24T18:19:58","modified_gmt":"2021-09-24T21:19:58","slug":"home","status":"publish","type":"page","link":"http:\/\/nema.ind.br\/home\/","title":{"rendered":"HOME"},"content":{"rendered":"\n<h2>P\u00e1gina em Reformula\u00e7\u00e3o<\/h2>\n","protected":false},"excerpt":{"rendered":"<p>P\u00e1gina em Reformula\u00e7\u00e3o<\/p>\n","protected":false},"author":2,"featured_media":0,"parent":0,"menu_order":0,"comment_status":"closed","ping_status":"open","template":"..\/public\/views\/revslider-page-template.php","meta":[],"_links":{"self":[{"href":"http:\/\/nema.ind.br\/home\/index.php?rest_route=\/wp\/v2\/pages\/9"}],"collection":[{"href":"http:\/\/nema.ind.br\/home\/index.php?rest_route=\/wp\/v2\/pages"}],"about":[{"href":"http:\/\/nema.ind.br\/home\/index.php?rest_route=\/wp\/v2\/types\/page"}],"author":[{"embeddable":true,"href":"http:\/\/nema.ind.br\/home\/index.php?rest_route=\/wp\/v2\/users\/2"}],"replies":[{"embeddable":true,"href":"http:\/\/nema.ind.br\/home\/index.php?rest_route=%2Fwp%2Fv2%2Fcomments&post=9"}],"version-history":[{"count":6,"href":"http:\/\/nema.ind.br\/home\/index.php?rest_route=\/wp\/v2\/pages\/9\/revisions"}],"predecessor-version":[{"id":376,"href":"http:\/\/nema.ind.br\/home\/index.php?rest_route=\/wp\/v2\/pages\/9\/revisions\/376"}],"wp:attachment":[{"href":"http:\/\/nema.ind.br\/home\/index.php?rest_route=%2Fwp%2Fv2%2Fmedia&parent=9"}],"curies":[{"name":"wp","href":"https:\/\/api.w.org\/{rel}","templated":true}]}}