{"id":55,"date":"2013-12-17T18:04:23","date_gmt":"2013-12-17T18:04:23","guid":{"rendered":"http:\/\/nemaconectores.com.br\/home\/?page_id=55"},"modified":"2014-01-07T16:47:02","modified_gmt":"2014-01-07T16:47:02","slug":"quem-somos","status":"publish","type":"page","link":"http:\/\/nema.ind.br\/home\/?page_id=55","title":{"rendered":"Quem somos"},"content":{"rendered":"<p>A Ind\u00fastria de Conectores El\u00e9tricos NEMA Ltda \u00e9 uma empresa s\u00f3lida e que a mais de 25 anos vem fabricando conectores el\u00e9tricos.<\/p>\n<p>Estes conectores abrangem a faixa entre 69 a 800 Kv e suprem a necessidade de v\u00e1rios setores, entre eles s\u00e3o:<\/p>\n<ul>\n<li>Gera\u00e7\u00e3o<\/li>\n<li>Transmiss\u00e3o<\/li>\n<li>Subesta\u00e7\u00e3o<\/li>\n<li>Distribui\u00e7\u00e3o<\/li>\n<li>Instala\u00e7\u00e3o Subterr\u00e2nea<\/li>\n<li>Manuten\u00e7\u00e3o Industrial<\/li>\n<\/ul>\n<p>De olho na qualidade de nossos produtos, investimentos pesados foram feitos no nosso laborat\u00f3rio de ensaio el\u00e9trico e mec\u00e2nico, tornando-o um dos mais equipados a n\u00edvel de software e hardware.<\/p>\n<p>Nossa linha principal de produtos, somada as diversas modifica\u00e7\u00f5es que s\u00e3o solicitadas pelos nossos clientes e\u00a0 prontamente desenvolvidas pelo nosso setor de engenharia, j\u00e1 ultrapassa os 12.000 itens.<\/p>\n<p>Nosso setor de Fundi\u00e7\u00e3o transforma em conectores mais de 100 Ton. de Alum\u00ednio, 43 Ton. de Bronze e 15 Ton. de Cobre. por ano.<\/p>\n<p>&nbsp;<\/p>\n<h4><\/h4>\n","protected":false},"excerpt":{"rendered":"<p>A Ind\u00fastria de Conectores El\u00e9tricos NEMA Ltda \u00e9 uma empresa s\u00f3lida e que a mais de 25 anos vem fabricando conectores el\u00e9tricos. Estes conectores abrangem a faixa entre 69 a 800 Kv e suprem a necessidade de v\u00e1rios setores, entre eles s\u00e3o: Gera\u00e7\u00e3o Transmiss\u00e3o Subesta\u00e7\u00e3o Distribui\u00e7\u00e3o Instala\u00e7\u00e3o Subterr\u00e2nea Manuten\u00e7\u00e3o Industrial De olho na qualidade de<\/p>\n","protected":false},"author":2,"featured_media":0,"parent":0,"menu_order":0,"comment_status":"closed","ping_status":"open","template":"","meta":[],"_links":{"self":[{"href":"http:\/\/nema.ind.br\/home\/index.php?rest_route=\/wp\/v2\/pages\/55"}],"collection":[{"href":"http:\/\/nema.ind.br\/home\/index.php?rest_route=\/wp\/v2\/pages"}],"about":[{"href":"http:\/\/nema.ind.br\/home\/index.php?rest_route=\/wp\/v2\/types\/page"}],"author":[{"embeddable":true,"href":"http:\/\/nema.ind.br\/home\/index.php?rest_route=\/wp\/v2\/users\/2"}],"replies":[{"embeddable":true,"href":"http:\/\/nema.ind.br\/home\/index.php?rest_route=%2Fwp%2Fv2%2Fcomments&post=55"}],"version-history":[{"count":41,"href":"http:\/\/nema.ind.br\/home\/index.php?rest_route=\/wp\/v2\/pages\/55\/revisions"}],"predecessor-version":[{"id":117,"href":"http:\/\/nema.ind.br\/home\/index.php?rest_route=\/wp\/v2\/pages\/55\/revisions\/117"}],"wp:attachment":[{"href":"http:\/\/nema.ind.br\/home\/index.php?rest_route=%2Fwp%2Fv2%2Fmedia&parent=55"}],"curies":[{"name":"wp","href":"https:\/\/api.w.org\/{rel}","templated":true}]}}